{"id":120,"date":"2023-12-11T23:25:55","date_gmt":"2023-12-11T23:25:55","guid":{"rendered":"https:\/\/vitapulita.com\/?post_type=product&#038;p=120"},"modified":"2025-06-06T06:37:27","modified_gmt":"2025-06-06T06:37:27","slug":"lavastoviglie-limone-gel","status":"publish","type":"product","link":"https:\/\/vitapulita.com\/index.php\/product\/lavastoviglie-limone-gel\/","title":{"rendered":"Lavastoviglie Limone Gel"},"content":{"rendered":"<p><strong>Xhel per lavastovilje<\/strong><\/p>\n<p>Fal\u00eb veprimit t\u00eb tij t\u00eb fort\u00eb izolues, produkti ruan efektivitetin e tij edhe me uj\u00ebrat m\u00eb t\u00eb forta.<\/p>\n<p>Ka arom\u00eb\u00a0limoni.<\/p>\n<p>Sugjerohet t\u00eb p\u00ebrdoret s\u00eb bashku me shk\u00eblqyesin.<\/p>\n","protected":false},"excerpt":{"rendered":"<p>Xhel per lavastovilje Fal\u00eb veprimit t\u00eb tij t\u00eb fort\u00eb izolues, produkti ruan efektivitetin e tij edhe me uj\u00ebrat m\u00eb t\u00eb forta. Ka arom\u00eb\u00a0limoni. Sugjerohet t\u00eb p\u00ebrdoret s\u00eb bashku me shk\u00eblqyesin.<\/p>\n","protected":false},"featured_media":411,"comment_status":"open","ping_status":"closed","template":"","meta":[],"product_brand":[],"product_cat":[27],"product_tag":[],"class_list":{"0":"post-120","1":"product","2":"type-product","3":"status-publish","4":"has-post-thumbnail","6":"product_cat-lares-enesh","8":"first","9":"instock","10":"shipping-taxable","11":"purchasable","12":"product-type-simple"},"_links":{"self":[{"href":"https:\/\/vitapulita.com\/index.php\/wp-json\/wp\/v2\/product\/120","targetHints":{"allow":["GET"]}}],"collection":[{"href":"https:\/\/vitapulita.com\/index.php\/wp-json\/wp\/v2\/product"}],"about":[{"href":"https:\/\/vitapulita.com\/index.php\/wp-json\/wp\/v2\/types\/product"}],"replies":[{"embeddable":true,"href":"https:\/\/vitapulita.com\/index.php\/wp-json\/wp\/v2\/comments?post=120"}],"wp:featuredmedia":[{"embeddable":true,"href":"https:\/\/vitapulita.com\/index.php\/wp-json\/wp\/v2\/media\/411"}],"wp:attachment":[{"href":"https:\/\/vitapulita.com\/index.php\/wp-json\/wp\/v2\/media?parent=120"}],"wp:term":[{"taxonomy":"product_brand","embeddable":true,"href":"https:\/\/vitapulita.com\/index.php\/wp-json\/wp\/v2\/product_brand?post=120"},{"taxonomy":"product_cat","embeddable":true,"href":"https:\/\/vitapulita.com\/index.php\/wp-json\/wp\/v2\/product_cat?post=120"},{"taxonomy":"product_tag","embeddable":true,"href":"https:\/\/vitapulita.com\/index.php\/wp-json\/wp\/v2\/product_tag?post=120"}],"curies":[{"name":"wp","href":"https:\/\/api.w.org\/{rel}","templated":true}]}}