{"id":119,"date":"2023-12-11T23:23:46","date_gmt":"2023-12-11T23:23:46","guid":{"rendered":"https:\/\/vitapulita.com\/?post_type=product&#038;p=119"},"modified":"2025-06-05T14:35:27","modified_gmt":"2025-06-05T14:35:27","slug":"brillantante","status":"publish","type":"product","link":"https:\/\/vitapulita.com\/index.php\/product\/brillantante\/","title":{"rendered":"Brillantante"},"content":{"rendered":"<p><strong>Shk\u00eblqyes en\u00ebsh p\u00ebr lavastovilje<\/strong><\/p>\n<p>Ka nj\u00eb performanc\u00eb t\u00eb lart\u00eb p\u00ebr p\u00ebrdorim profesional fal\u00eb veprimit t\u00eb tij t\u00eb fort\u00eb izolues, q\u00eb e b\u00ebn t\u00eb ruaj\u00eb efektivitetin e tij edhe me uj\u00ebrat m\u00eb t\u00eb forta.<\/p>\n<p>\u2013 UL TENSIONIN SIP\u00cbRFAQES T\u00cb UJIT, duke shmangur k\u00ebshtu formimin e pikave t\u00eb trasha dhe duke leht\u00ebsuar rrjedhjen e ujit n\u00eb en\u00eb<\/p>\n<p>\u2013 PROMOVON VET\u00cbTHARJEN fal\u00eb substancave shum\u00eb t\u00eb avullueshme t\u00eb shtuara n\u00eb ujin e shp\u00eblarjes, t\u00eb cilat lejojn\u00eb tharjen e shpejt\u00eb.<\/p>\n","protected":false},"excerpt":{"rendered":"<p>Shk\u00eblqyes en\u00ebsh p\u00ebr lavastovilje Ka nj\u00eb performanc\u00eb t\u00eb lart\u00eb p\u00ebr p\u00ebrdorim profesional fal\u00eb veprimit t\u00eb tij t\u00eb fort\u00eb izolues, q\u00eb e b\u00ebn t\u00eb ruaj\u00eb efektivitetin e tij edhe me uj\u00ebrat m\u00eb t\u00eb forta. \u2013 UL TENSIONIN SIP\u00cbRFAQES T\u00cb UJIT, duke shmangur k\u00ebshtu formimin e pikave t\u00eb trasha dhe duke leht\u00ebsuar rrjedhjen e ujit n\u00eb en\u00eb [&hellip;]<\/p>\n","protected":false},"featured_media":413,"comment_status":"open","ping_status":"closed","template":"","meta":[],"product_brand":[],"product_cat":[27],"product_tag":[],"class_list":{"0":"post-119","1":"product","2":"type-product","3":"status-publish","4":"has-post-thumbnail","6":"product_cat-lares-enesh","8":"first","9":"instock","10":"shipping-taxable","11":"purchasable","12":"product-type-simple"},"_links":{"self":[{"href":"https:\/\/vitapulita.com\/index.php\/wp-json\/wp\/v2\/product\/119","targetHints":{"allow":["GET"]}}],"collection":[{"href":"https:\/\/vitapulita.com\/index.php\/wp-json\/wp\/v2\/product"}],"about":[{"href":"https:\/\/vitapulita.com\/index.php\/wp-json\/wp\/v2\/types\/product"}],"replies":[{"embeddable":true,"href":"https:\/\/vitapulita.com\/index.php\/wp-json\/wp\/v2\/comments?post=119"}],"wp:featuredmedia":[{"embeddable":true,"href":"https:\/\/vitapulita.com\/index.php\/wp-json\/wp\/v2\/media\/413"}],"wp:attachment":[{"href":"https:\/\/vitapulita.com\/index.php\/wp-json\/wp\/v2\/media?parent=119"}],"wp:term":[{"taxonomy":"product_brand","embeddable":true,"href":"https:\/\/vitapulita.com\/index.php\/wp-json\/wp\/v2\/product_brand?post=119"},{"taxonomy":"product_cat","embeddable":true,"href":"https:\/\/vitapulita.com\/index.php\/wp-json\/wp\/v2\/product_cat?post=119"},{"taxonomy":"product_tag","embeddable":true,"href":"https:\/\/vitapulita.com\/index.php\/wp-json\/wp\/v2\/product_tag?post=119"}],"curies":[{"name":"wp","href":"https:\/\/api.w.org\/{rel}","templated":true}]}}