{"id":117,"date":"2023-12-11T23:22:44","date_gmt":"2023-12-11T23:22:44","guid":{"rendered":"https:\/\/vitapulita.com\/?post_type=product&#038;p=117"},"modified":"2024-09-15T21:03:32","modified_gmt":"2024-09-15T21:03:32","slug":"limone","status":"publish","type":"product","link":"https:\/\/vitapulita.com\/index.php\/product\/limone\/","title":{"rendered":"Limone"},"content":{"rendered":"<p><strong>Lar\u00ebs en\u00ebsh me limon<\/strong><\/p>\n<p>N\u00eb saj\u00eb t\u00eb veprimit fantastik t\u00eb limonit kund\u00ebr yndyr\u00ebs dhe er\u00ebs, ai pastron dhe aromatizon en\u00ebt tuaja n\u00eb m\u00ebnyr\u00eb t\u00eb p\u00ebrsosur.<\/p>\n<p>&nbsp;<\/p>\n","protected":false},"excerpt":{"rendered":"<p>Lar\u00ebs en\u00ebsh me limon N\u00eb saj\u00eb t\u00eb veprimit fantastik t\u00eb limonit kund\u00ebr yndyr\u00ebs dhe er\u00ebs, ai pastron dhe aromatizon en\u00ebt tuaja n\u00eb m\u00ebnyr\u00eb t\u00eb p\u00ebrsosur. &nbsp;<\/p>\n","protected":false},"featured_media":415,"comment_status":"open","ping_status":"closed","template":"","meta":[],"product_brand":[],"product_cat":[27],"product_tag":[],"class_list":{"0":"post-117","1":"product","2":"type-product","3":"status-publish","4":"has-post-thumbnail","6":"product_cat-lares-enesh","8":"first","9":"instock","10":"shipping-taxable","11":"purchasable","12":"product-type-simple"},"_links":{"self":[{"href":"https:\/\/vitapulita.com\/index.php\/wp-json\/wp\/v2\/product\/117","targetHints":{"allow":["GET"]}}],"collection":[{"href":"https:\/\/vitapulita.com\/index.php\/wp-json\/wp\/v2\/product"}],"about":[{"href":"https:\/\/vitapulita.com\/index.php\/wp-json\/wp\/v2\/types\/product"}],"replies":[{"embeddable":true,"href":"https:\/\/vitapulita.com\/index.php\/wp-json\/wp\/v2\/comments?post=117"}],"wp:featuredmedia":[{"embeddable":true,"href":"https:\/\/vitapulita.com\/index.php\/wp-json\/wp\/v2\/media\/415"}],"wp:attachment":[{"href":"https:\/\/vitapulita.com\/index.php\/wp-json\/wp\/v2\/media?parent=117"}],"wp:term":[{"taxonomy":"product_brand","embeddable":true,"href":"https:\/\/vitapulita.com\/index.php\/wp-json\/wp\/v2\/product_brand?post=117"},{"taxonomy":"product_cat","embeddable":true,"href":"https:\/\/vitapulita.com\/index.php\/wp-json\/wp\/v2\/product_cat?post=117"},{"taxonomy":"product_tag","embeddable":true,"href":"https:\/\/vitapulita.com\/index.php\/wp-json\/wp\/v2\/product_tag?post=117"}],"curies":[{"name":"wp","href":"https:\/\/api.w.org\/{rel}","templated":true}]}}