{"id":115,"date":"2023-12-11T23:21:40","date_gmt":"2023-12-11T23:21:40","guid":{"rendered":"https:\/\/vitapulita.com\/?post_type=product&#038;p=115"},"modified":"2024-09-15T21:18:34","modified_gmt":"2024-09-15T21:18:34","slug":"bicarbonato-e-menta","status":"publish","type":"product","link":"https:\/\/vitapulita.com\/index.php\/product\/bicarbonato-e-menta\/","title":{"rendered":"Bicarbonato e menta"},"content":{"rendered":"<p><strong>Lar\u00ebs pjatash me mente dhe sod\u00eb<\/strong><\/p>\n<p>Fal\u00eb veprimit antibakterial, dezinfektues dhe kund\u00ebr er\u00ebrave t\u00eb bikarbonatit t\u00eb natriumit, i pastron plot\u00ebsisht en\u00ebt nga yndyra dhe eliminon aromat e k\u00ebqija duke l\u00ebshuar nj\u00eb arom\u00eb t\u00eb k\u00ebndshme t\u00eb fresk\u00ebt dhe deh\u00ebse.<\/p>\n<p><em>\u00a0<\/em><\/p>\n","protected":false},"excerpt":{"rendered":"<p>Lar\u00ebs pjatash me mente dhe sod\u00eb Fal\u00eb veprimit antibakterial, dezinfektues dhe kund\u00ebr er\u00ebrave t\u00eb bikarbonatit t\u00eb natriumit, i pastron plot\u00ebsisht en\u00ebt nga yndyra dhe eliminon aromat e k\u00ebqija duke l\u00ebshuar nj\u00eb arom\u00eb t\u00eb k\u00ebndshme t\u00eb fresk\u00ebt dhe deh\u00ebse. \u00a0<\/p>\n","protected":false},"featured_media":417,"comment_status":"open","ping_status":"closed","template":"","meta":[],"product_brand":[],"product_cat":[27],"product_tag":[],"class_list":{"0":"post-115","1":"product","2":"type-product","3":"status-publish","4":"has-post-thumbnail","6":"product_cat-lares-enesh","8":"first","9":"instock","10":"shipping-taxable","11":"purchasable","12":"product-type-simple"},"_links":{"self":[{"href":"https:\/\/vitapulita.com\/index.php\/wp-json\/wp\/v2\/product\/115","targetHints":{"allow":["GET"]}}],"collection":[{"href":"https:\/\/vitapulita.com\/index.php\/wp-json\/wp\/v2\/product"}],"about":[{"href":"https:\/\/vitapulita.com\/index.php\/wp-json\/wp\/v2\/types\/product"}],"replies":[{"embeddable":true,"href":"https:\/\/vitapulita.com\/index.php\/wp-json\/wp\/v2\/comments?post=115"}],"wp:featuredmedia":[{"embeddable":true,"href":"https:\/\/vitapulita.com\/index.php\/wp-json\/wp\/v2\/media\/417"}],"wp:attachment":[{"href":"https:\/\/vitapulita.com\/index.php\/wp-json\/wp\/v2\/media?parent=115"}],"wp:term":[{"taxonomy":"product_brand","embeddable":true,"href":"https:\/\/vitapulita.com\/index.php\/wp-json\/wp\/v2\/product_brand?post=115"},{"taxonomy":"product_cat","embeddable":true,"href":"https:\/\/vitapulita.com\/index.php\/wp-json\/wp\/v2\/product_cat?post=115"},{"taxonomy":"product_tag","embeddable":true,"href":"https:\/\/vitapulita.com\/index.php\/wp-json\/wp\/v2\/product_tag?post=115"}],"curies":[{"name":"wp","href":"https:\/\/api.w.org\/{rel}","templated":true}]}}