{"id":106,"date":"2023-12-11T23:01:49","date_gmt":"2023-12-11T23:01:49","guid":{"rendered":"https:\/\/vitapulita.com\/?post_type=product&#038;p=106"},"modified":"2024-09-16T21:16:11","modified_gmt":"2024-09-16T21:16:11","slug":"ametista","status":"publish","type":"product","link":"https:\/\/vitapulita.com\/index.php\/product\/ametista\/","title":{"rendered":"Ametista"},"content":{"rendered":"<p><strong>Kristalet e Parfumit (Perlinat) Ametista<\/strong><\/p>\n<p>Mund t\u00eb p\u00ebrdoren si p\u00ebr larje me dor\u00eb ashtu edhe n\u00eb lavatrice dhe kan\u00eb arom\u00eb t\u00eb \u00ebmb\u00ebl pudre.<\/p>\n<p>P\u00ebrmbajn\u00eb p\u00ebrb\u00ebr\u00ebs aktiv\u00eb q\u00eb kryejn\u00eb funksionin e mikrolarjes, p\u00ebr nj\u00eb pastrim m\u00eb t\u00eb thell\u00eb por m\u00eb delikat.<\/p>\n<p>Respektojn\u00eb ngjyrat dhe mund t\u00eb p\u00ebrdoren p\u00ebr t\u00eb gjitha llojet e p\u00eblhurave.<\/p>\n<p>Pastruese t\u00eb njollave: fal\u00eb veprimit t\u00eb perkarbonatit ndihmojn\u00eb n\u00eb heqjen e njollave t\u00eb papast\u00ebrtive nga rrobat tuaja.<\/p>\n<p>Perdorimi: Hidhni ne kazanin e lavatrices nj\u00eb-dy lug\u00eb perlina s\u00eb bashku me rrobat q\u00eb do lahen. Tek vasketa e lavatrices shtoni detergjentin lar\u00ebs dhe zbut\u00ebsin e rrobave (sugjerohet detergjent dhe zbut\u00ebs pa arom\u00eb ose me arom\u00ebn e perlinave, q\u00eb t\u00eb mos p\u00ebrzihen aroma t\u00eb ndryshme t\u00eb cilat jo doemos kombinohen k\u00ebndsh\u00ebm me nj\u00ebra tjetr\u00ebn).<\/p>\n<p>Mund t\u00eb p\u00ebrdoren edhe n\u00eb vend t\u00eb zbut\u00ebsit t\u00eb rrobave, t\u00eb kombinuara me lar\u00ebsin e rrobave. N\u00eb k\u00ebt\u00eb rast do hidhni dy-tre lug\u00eb perlina tek kazani i lavatrices s\u00eb bashku me rrobat q\u00eb do lahen dhe tek vasketa e lavatrices shtoni vet\u00ebm lar\u00ebsin e rrobave (sugjerohet s\u00ebrish detergjent dhe zbut\u00ebs pa arom\u00eb ose me arom\u00ebn e perlinave, q\u00eb t\u00eb mos p\u00ebrzihen aroma t\u00eb ndryshme t\u00eb cilat jo doemos kombinohen k\u00ebndsh\u00ebm me nj\u00ebra tjetr\u00ebn).<\/p>\n<p>Mund t\u00eb p\u00ebrdoret edhe si aromatizues ambienti (dhome, tualeti, dhome-garderob\u00eb) duke u hedhur nj\u00eb-dy lug\u00eb n\u00eb nj\u00eb pjat\u00eb\/tav\u00ebll t\u00eb vog\u00ebl e duke u l\u00ebn\u00eb t\u00eb ndihet aroma n\u00eb aj\u00ebr; gjithashtu mund t\u00eb vendoset n\u00eb qes\u00ebza t\u00eb vogla rrjete dhe t\u00eb p\u00ebrdoret si aromatizues dollapesh.<\/p>\n<p><em>\u00a0<\/em><\/p>\n","protected":false},"excerpt":{"rendered":"<p>Kristalet e Parfumit (Perlinat) Ametista Mund t\u00eb p\u00ebrdoren si p\u00ebr larje me dor\u00eb ashtu edhe n\u00eb lavatrice dhe kan\u00eb arom\u00eb t\u00eb \u00ebmb\u00ebl pudre. P\u00ebrmbajn\u00eb p\u00ebrb\u00ebr\u00ebs aktiv\u00eb q\u00eb kryejn\u00eb funksionin e mikrolarjes, p\u00ebr nj\u00eb pastrim m\u00eb t\u00eb thell\u00eb por m\u00eb delikat. Respektojn\u00eb ngjyrat dhe mund t\u00eb p\u00ebrdoren p\u00ebr t\u00eb gjitha llojet e p\u00eblhurave. Pastruese t\u00eb njollave: [&hellip;]<\/p>\n","protected":false},"featured_media":424,"comment_status":"open","ping_status":"closed","template":"","meta":[],"product_brand":[],"product_cat":[26],"product_tag":[],"class_list":{"0":"post-106","1":"product","2":"type-product","3":"status-publish","4":"has-post-thumbnail","6":"product_cat-kristale-parfumi","8":"first","9":"instock","10":"shipping-taxable","11":"purchasable","12":"product-type-simple"},"_links":{"self":[{"href":"https:\/\/vitapulita.com\/index.php\/wp-json\/wp\/v2\/product\/106","targetHints":{"allow":["GET"]}}],"collection":[{"href":"https:\/\/vitapulita.com\/index.php\/wp-json\/wp\/v2\/product"}],"about":[{"href":"https:\/\/vitapulita.com\/index.php\/wp-json\/wp\/v2\/types\/product"}],"replies":[{"embeddable":true,"href":"https:\/\/vitapulita.com\/index.php\/wp-json\/wp\/v2\/comments?post=106"}],"wp:featuredmedia":[{"embeddable":true,"href":"https:\/\/vitapulita.com\/index.php\/wp-json\/wp\/v2\/media\/424"}],"wp:attachment":[{"href":"https:\/\/vitapulita.com\/index.php\/wp-json\/wp\/v2\/media?parent=106"}],"wp:term":[{"taxonomy":"product_brand","embeddable":true,"href":"https:\/\/vitapulita.com\/index.php\/wp-json\/wp\/v2\/product_brand?post=106"},{"taxonomy":"product_cat","embeddable":true,"href":"https:\/\/vitapulita.com\/index.php\/wp-json\/wp\/v2\/product_cat?post=106"},{"taxonomy":"product_tag","embeddable":true,"href":"https:\/\/vitapulita.com\/index.php\/wp-json\/wp\/v2\/product_tag?post=106"}],"curies":[{"name":"wp","href":"https:\/\/api.w.org\/{rel}","templated":true}]}}