{"id":7,"date":"2023-10-24T17:56:29","date_gmt":"2023-10-24T17:56:29","guid":{"rendered":"https:\/\/vitapulita.com\/?page_id=7"},"modified":"2024-10-25T18:42:02","modified_gmt":"2024-10-25T18:42:02","slug":"about","status":"publish","type":"page","link":"https:\/\/vitapulita.com\/index.php\/about\/","title":{"rendered":"Rreth nesh"},"content":{"rendered":"\n<p>Vita Pulita \u00ebsht\u00eb nj\u00eb brand detergjent\u00ebsh me mbushje e themeluar n\u00eb gusht t\u00eb vitit 2023 n\u00eb Tiran\u00eb nga Fabio Alite dhe Maria Shqevi. Gama e detergjent\u00ebve p\u00ebrfshin p\u00ebrmbushjen e cdo k\u00ebrkese tuaj n\u00eb pastrimin dhe higjienizimin e sht\u00ebpis\u00eb, rrobave si dhe kujdesin ndaj vetes. Produkti prodhohet n\u00eb Rom\u00eb, Itali, dhe \u00ebsht\u00eb i certifikuar sipas standarteve europiane HACCP dhe n\u00eb p\u00ebrputhje me rregulloren e detergjent\u00ebve profesionale.<\/p>\n\n\n\n<p>Tek ne do te gjeni:<\/p>\n\n\n\n<p>Lar\u00ebs rrobash t\u00eb bardha<\/p>\n\n\n\n<p>Lar\u00ebs rrobash t\u00eb zeza<\/p>\n\n\n\n<p>Lar\u00ebs rrobash me ngjyra<\/p>\n\n\n\n<p>Zbut\u00ebs rrobash<\/p>\n\n\n\n<p>Lar\u00ebs rrobash pluhur<\/p>\n\n\n\n<p>Percarbonat natyral<\/p>\n\n\n\n<p>Acid citrik natyral<\/p>\n\n\n\n<p>Linj\u00ebn hipoalergjike p\u00ebr femij\u00eb dhe persona me l\u00ebkur\u00eb t\u00eb ndjeshme<\/p>\n\n\n\n<p>Linj\u00ebn ekologjike me p\u00ebrmbajtje ekskluzivisht bimore Natural Green (p\u00ebr larje dhe zbutje rrobash, larje en\u00ebsh)<\/p>\n\n\n\n<p>Lar\u00ebs dyshemeje (p\u00ebr pllaka dhe p\u00ebr parket)<\/p>\n\n\n\n<p>Lar\u00ebs xhamash<\/p>\n\n\n\n<p>Sgrassatore <\/p>\n\n\n\n<p>Perlina (Cristalli di Profumo)<\/p>\n\n\n\n<p>Lar\u00ebs dhe higjienizues p\u00ebr tualetin dhe hidrosanitaret<\/p>\n\n\n\n<p>Higjienizues shum\u00ebp\u00ebrdorim\u00ebsh<\/p>\n\n\n\n<p>Aromatizues ambienti<\/p>\n\n\n\n<p>Sapun duarsh<\/p>\n\n\n\n<p>Shampo koke<\/p>\n\n\n\n<p>Shampo trupi<\/p>\n\n\n\n<p>Balsam<\/p>\n","protected":false},"excerpt":{"rendered":"<p>Vita Pulita \u00ebsht\u00eb nj\u00eb brand detergjent\u00ebsh me mbushje e themeluar n\u00eb gusht t\u00eb vitit 2023 n\u00eb Tiran\u00eb nga Fabio Alite dhe Maria Shqevi. Gama e detergjent\u00ebve p\u00ebrfshin p\u00ebrmbushjen e cdo k\u00ebrkese tuaj n\u00eb pastrimin dhe higjienizimin e sht\u00ebpis\u00eb, rrobave si dhe kujdesin ndaj vetes. Produkti prodhohet n\u00eb Rom\u00eb, Itali, dhe \u00ebsht\u00eb i certifikuar sipas standarteve [&hellip;]<\/p>\n","protected":false},"author":1,"featured_media":0,"parent":0,"menu_order":0,"comment_status":"closed","ping_status":"closed","template":"","meta":{"footnotes":""},"class_list":["post-7","page","type-page","status-publish","hentry"],"_links":{"self":[{"href":"https:\/\/vitapulita.com\/index.php\/wp-json\/wp\/v2\/pages\/7","targetHints":{"allow":["GET"]}}],"collection":[{"href":"https:\/\/vitapulita.com\/index.php\/wp-json\/wp\/v2\/pages"}],"about":[{"href":"https:\/\/vitapulita.com\/index.php\/wp-json\/wp\/v2\/types\/page"}],"author":[{"embeddable":true,"href":"https:\/\/vitapulita.com\/index.php\/wp-json\/wp\/v2\/users\/1"}],"replies":[{"embeddable":true,"href":"https:\/\/vitapulita.com\/index.php\/wp-json\/wp\/v2\/comments?post=7"}],"version-history":[{"count":6,"href":"https:\/\/vitapulita.com\/index.php\/wp-json\/wp\/v2\/pages\/7\/revisions"}],"predecessor-version":[{"id":502,"href":"https:\/\/vitapulita.com\/index.php\/wp-json\/wp\/v2\/pages\/7\/revisions\/502"}],"wp:attachment":[{"href":"https:\/\/vitapulita.com\/index.php\/wp-json\/wp\/v2\/media?parent=7"}],"curies":[{"name":"wp","href":"https:\/\/api.w.org\/{rel}","templated":true}]}}