{"id":6,"date":"2023-10-24T17:56:29","date_gmt":"2023-10-24T17:56:29","guid":{"rendered":"https:\/\/vitapulita.com\/?page_id=6"},"modified":"2024-10-25T18:49:16","modified_gmt":"2024-10-25T18:49:16","slug":"create-your-website-with-blocks","status":"publish","type":"page","link":"https:\/\/vitapulita.com\/","title":{"rendered":"Behu pjes\u00eb e familjes Vita Pulita p\u00ebr nj\u00eb jet\u00eb m\u00eb te past\u00ebr! T\u00eb gjitha produktet jan\u00eb t\u00eb biodegradueshme, HACCP dhe pa parabene. Pse t\u00eb lodheni me qese n\u00ebp\u00ebr duar kur mund t\u00eb porosisni nga telefoni detergjent\u00ebt q\u00eb ju nevojiten? Ne vijm\u00eb n\u00eb sht\u00ebpin\u00eb tuaj."},"content":{"rendered":"\n<h2 class=\"wp-block-heading alignwide has-text-align-wide has-light-green-cyan-background-color has-background has-gigantic-font-size\" style=\"font-style:italic;font-weight:600;line-height:1.1\"><em>Tek ne do gjesh cdo gj\u00eb q\u00eb t\u00eb duhet p\u00ebr pastrimin e sht\u00ebpis\u00eb, rrobave dhe kujdesit p\u00ebr veten.<\/em> T\u00eb gjitha produktet jan\u00eb profesionale, organike dhe hipoalergjike, formuluar p\u00ebr t\u00eb minimizuar rreziqet nga reaksionet alergjike.<\/h2>\n\n\n\n<div style=\"height:100px\" aria-hidden=\"true\" class=\"wp-block-spacer\"><\/div>\n\n\n\n<div class=\"wp-block-columns alignwide are-vertically-aligned-center is-style-twentytwentyone-columns-overlap is-layout-flex wp-container-core-columns-is-layout-9d6595d7 wp-block-columns-is-layout-flex\">\n<div class=\"wp-block-column is-vertically-aligned-center is-layout-flow wp-block-column-is-layout-flow\">\n<div style=\"height:100px\" aria-hidden=\"true\" class=\"wp-block-spacer\"><\/div>\n<\/div>\n\n\n\n<div class=\"wp-block-column is-vertically-aligned-center is-layout-flow wp-block-column-is-layout-flow\">\n<div style=\"height:100px\" aria-hidden=\"true\" class=\"wp-block-spacer\"><\/div>\n<\/div>\n<\/div>\n\n\n\n<div style=\"height:50px\" aria-hidden=\"true\" class=\"wp-block-spacer\"><\/div>\n\n\n\n<div class=\"wp-block-columns alignwide are-vertically-aligned-top is-layout-flex wp-container-core-columns-is-layout-9d6595d7 wp-block-columns-is-layout-flex\">\n<div class=\"wp-block-column is-vertically-aligned-top is-layout-flow wp-block-column-is-layout-flow\">\n<h3 class=\"wp-block-heading\"><\/h3>\n<\/div>\n\n\n\n<div class=\"wp-block-column is-vertically-aligned-top is-layout-flow wp-block-column-is-layout-flow\">\n<h3 class=\"wp-block-heading\"><\/h3>\n<\/div>\n\n\n\n<div class=\"wp-block-column is-vertically-aligned-top is-layout-flow wp-block-column-is-layout-flow\">\n<h3 class=\"wp-block-heading\"><\/h3>\n<\/div>\n<\/div>\n\n\n\n<div style=\"height:100px\" aria-hidden=\"true\" class=\"wp-block-spacer\"><\/div>\n\n\n\n<div class=\"wp-block-cover alignwide is-light is-style-twentytwentyone-border\"><span aria-hidden=\"true\" class=\"wp-block-cover__background has-green-background-color has-background-dim-100 has-background-dim\"><\/span><div class=\"wp-block-cover__inner-container is-layout-flow wp-block-cover-is-layout-flow\">\n<div style=\"height:20px\" aria-hidden=\"true\" class=\"wp-block-spacer\"><\/div>\n\n\n\n<p class=\"has-huge-font-size\">Need help?<\/p>\n\n\n\n<div style=\"height:75px\" aria-hidden=\"true\" class=\"wp-block-spacer\"><\/div>\n\n\n\n<div class=\"wp-block-columns is-layout-flex wp-container-core-columns-is-layout-9d6595d7 wp-block-columns-is-layout-flex\">\n<div class=\"wp-block-column is-layout-flow wp-block-column-is-layout-flow\"><\/div>\n\n\n\n<div class=\"wp-block-column is-layout-flow wp-block-column-is-layout-flow\"><\/div>\n<\/div>\n\n\n\n<div style=\"height:20px\" aria-hidden=\"true\" class=\"wp-block-spacer\"><\/div>\n<\/div><\/div>\n","protected":false},"excerpt":{"rendered":"<p>Tek ne do gjesh cdo gj\u00eb q\u00eb t\u00eb duhet p\u00ebr pastrimin e sht\u00ebpis\u00eb, rrobave dhe kujdesit p\u00ebr veten. T\u00eb gjitha produktet jan\u00eb profesionale, organike dhe hipoalergjike, formuluar p\u00ebr t\u00eb minimizuar rreziqet nga reaksionet alergjike.<\/p>\n","protected":false},"author":1,"featured_media":403,"parent":0,"menu_order":0,"comment_status":"closed","ping_status":"closed","template":"","meta":{"footnotes":""},"class_list":["post-6","page","type-page","status-publish","has-post-thumbnail","hentry"],"_links":{"self":[{"href":"https:\/\/vitapulita.com\/index.php\/wp-json\/wp\/v2\/pages\/6","targetHints":{"allow":["GET"]}}],"collection":[{"href":"https:\/\/vitapulita.com\/index.php\/wp-json\/wp\/v2\/pages"}],"about":[{"href":"https:\/\/vitapulita.com\/index.php\/wp-json\/wp\/v2\/types\/page"}],"author":[{"embeddable":true,"href":"https:\/\/vitapulita.com\/index.php\/wp-json\/wp\/v2\/users\/1"}],"replies":[{"embeddable":true,"href":"https:\/\/vitapulita.com\/index.php\/wp-json\/wp\/v2\/comments?post=6"}],"version-history":[{"count":7,"href":"https:\/\/vitapulita.com\/index.php\/wp-json\/wp\/v2\/pages\/6\/revisions"}],"predecessor-version":[{"id":504,"href":"https:\/\/vitapulita.com\/index.php\/wp-json\/wp\/v2\/pages\/6\/revisions\/504"}],"wp:featuredmedia":[{"embeddable":true,"href":"https:\/\/vitapulita.com\/index.php\/wp-json\/wp\/v2\/media\/403"}],"wp:attachment":[{"href":"https:\/\/vitapulita.com\/index.php\/wp-json\/wp\/v2\/media?parent=6"}],"curies":[{"name":"wp","href":"https:\/\/api.w.org\/{rel}","templated":true}]}}